{"id":631,"date":"2020-11-14T10:14:36","date_gmt":"2020-11-14T07:14:36","guid":{"rendered":"http:\/\/www.floradent.com\/?page_id=631"},"modified":"2021-09-22T14:50:58","modified_gmt":"2021-09-22T11:50:58","slug":"dis-hekimlerimiz","status":"publish","type":"page","link":"https:\/\/www.floradent.com\/bg\/?page_id=631","title":{"rendered":"Di\u015f Hekimlerimiz"},"content":{"rendered":"\t\t<div data-elementor-type=\"wp-post\" data-elementor-id=\"631\" class=\"elementor elementor-631\" data-elementor-settings=\"[]\">\n\t\t\t\t\t\t<div class=\"elementor-inner\">\n\t\t\t\t\t\t\t<div class=\"elementor-section-wrap\">\n\t\t\t\t\t\t\t<section class=\"elementor-section elementor-top-section elementor-element elementor-element-bc6a5b2 elementor-section-stretched elementor-section-full_width elementor-section-height-default elementor-section-height-default\" data-id=\"bc6a5b2\" data-element_type=\"section\" data-settings=\"{&quot;stretch_section&quot;:&quot;section-stretched&quot;,&quot;background_background&quot;:&quot;classic&quot;}\">\n\t\t\t\t\t\t<div class=\"elementor-container elementor-column-gap-default\">\n\t\t\t\t\t\t\t<div class=\"elementor-row\">\n\t\t\t\t\t<div class=\"elementor-column elementor-col-100 elementor-top-column elementor-element elementor-element-564d412\" data-id=\"564d412\" data-element_type=\"column\">\n\t\t\t<div class=\"elementor-column-wrap elementor-element-populated\">\n\t\t\t\t\t\t\t<div class=\"elementor-widget-wrap\">\n\t\t\t\t\t\t<div class=\"elementor-element elementor-element-83f8f2c elementor-widget elementor-widget-rt-title\" data-id=\"83f8f2c\" data-element_type=\"widget\" data-widget_type=\"rt-title.default\">\n\t\t\t\t<div class=\"elementor-widget-container\">\n\t\t\t\r\n\r\n\t<div class=\"rt-el-title section-heading heading-dark text-center heading-layout1 style1 theme1\">\r\r\n\t\t<h2 class=\"rtin-title\">Uzman Di\u015f Hekimlerimiz<\/h2>\r\r\n\t\t\r\n\r\r\n\t<\/div>\r\r\n\t\t\t<\/div>\n\t\t\t\t<\/div>\n\t\t\t\t<div class=\"elementor-element elementor-element-37de868 elementor-widget elementor-widget-rt-doctor\" data-id=\"37de868\" data-element_type=\"widget\" data-widget_type=\"rt-doctor.default\">\n\t\t\t\t<div class=\"elementor-widget-container\">\n\t\t\t\r\n<div class=\"team-wrap-layout1 row no-equal-gallery\">\r\r\n\t\r\n\t\t\r\n\t\t\t\r\n\t\t\t\t<div class=\"rtin-item no-equal-item col-lg-3 col-md-6 col-sm-12 col-xs-12\">\r\r\n\t\t\t\t\t <div class=\"team-box-layout42\">\r\r\n\t\t\t\t\t\t <div class=\"item-mid\">\r\r\n\t                            \t\t\t\t\t\t\t\t\t    \r\r\n\t                        \t\t<div class=\"item-img\">                           \r\r\n\t\t\t\t\t\t\t\t\t   <img width=\"213\" height=\"420\" src=\"https:\/\/www.floradent.com\/bg\/wp-content\/uploads\/2020\/11\/nese-6-213x420.png\" class=\"attachment-medilink-size4 size-medilink-size4 wp-post-image\" alt=\"beylikduzu dis\" loading=\"lazy\" \/>\t                            \r\r\n\t                        \t\t<\/div>\r\r\n\t                        \r\n\t                        <div class=\"item-content \">\r\r\n\t\t                        <div class=\"item-content-mid\">\r\r\n\t\t\t\t\t\t\t\t\t<h3 class=\"item-title\">\r\r\n\t\t\t\t\t\t\t\t\t<a href=\"https:\/\/www.floradent.com\/bg\/?medilink_doctor=dr-dt-nese-kahraman\">Dr. Dt. Ne\u015fe KAHRAMAN<\/a>\r\r\n\t\t\t\t\t\t\t\t\t<\/h3>                       \r\r\n\t\t\t\t\t\t\t\t\t\r\n\t\t\t\t\t\t\t\t\t<p>\u041b\u0438\u0446\u0435\u0432\u043e-\u0447\u0435\u043b\u044e\u0441\u0442\u0435\u043d\u0430 \u0445\u0438\u0440\u0443\u0440\u0433\u0438\u044f<\/p>\r\r\n\t\t\t\t\t\t\t\t\t\r\n\t\t\t\t\t\t\t\t\t<div class=\"item-social\">\r\r\n\t\t\t\t\t\t\t\t\t\t<ul>\r\r\n\t\t\t\t\t\t\t\t\t\t\r\n\t\t\t\t\t\t\t\t\t\t\r\n\t\t\t\t\t\t\t\t\t\t<li><a target=\"_blank\" href=\"#\"><i class=\"fa fa-facebook\" aria-hidden=\"true\"><\/i><\/a><\/li>\r\r\n\t\t\t\t\t\t\t\t\t\t\r\n\t\t\t\t\t\t\t\t\t\t\r\n\t\t\t\t\t\t\t\t\t\t\r\n\t\t\t\t\t\t\t\t\t\t\r\n\t\t\t\t\t\t\t\t\t\t\r\n\t\t\t\t\t\t\t\t\t\t\r\n\t\t\t\t\t\t\t\t\t\t\r\n\t\t\t\t\t\t\t\t\t\t\r\n\t\t\t\t\t\t\t\t\t\t\r\n\t\t\t\t\t\t\t\t\t\t<li><a target=\"_blank\" href=\"#\"><i class=\"fa fa-youtube-play\" aria-hidden=\"true\"><\/i><\/a><\/li>\r\r\n\t\t\t\t\t\t\t\t\t\t\r\n\t\t\t\t\t\t\t\t\t\t\r\n\t\t\t\t\t\t\t\t\t\t\r\n\t\t\t\t\t\t\t\t\t\t\r\n\t\t\t\t\t\t\t\t\t\t\r\n\t\t\t\t\t\t\t\t\t\t<li><a target=\"_blank\" href=\"#\"><i class=\"fa fa-instagram\" aria-hidden=\"true\"><\/i><\/a><\/li>\r\r\n\t\t\t\t\t\t\t\t\t\t\r\n\t\t\t\t\t\t\t\t\t\t\r\n\t\t\t\t\t\t\t\t\t\t\r\n\t\t\t\t\t\t\t\t\t\t\r\n\t\t\t\t\t\t\t\t\t\t\r\n\t\t\t\t\t\t\t\t\t\t\r\n\t\t\t\t\t\t\t\t\t\t<\/ul>\r\r\n\t\t\t\t\t\t\t\t\t<\/div>\r\r\n\t\t\t\t\t\t\t    <\/div>\r\r\n\t\t\t\t\t\t    <\/div>\r\r\n\t\t\t\t\t  \t\t                      \r\r\n\t                    <\/div>\r\r\n\t                <\/div>\r\r\n                <\/div>\r\r\n\t\t\t\r\n\t\t\t\r\n\t\t\t\t<div class=\"rtin-item no-equal-item col-lg-3 col-md-6 col-sm-12 col-xs-12\">\r\r\n\t\t\t\t\t <div class=\"team-box-layout42\">\r\r\n\t\t\t\t\t\t <div class=\"item-mid\">\r\r\n\t                            \t\t\t\t\t\t\t\t\t    \r\r\n\t                        \t\t<div class=\"item-img\">                           \r\r\n\t\t\t\t\t\t\t\t\t   <img width=\"213\" height=\"420\" src=\"https:\/\/www.floradent.com\/bg\/wp-content\/uploads\/2020\/11\/caglarozkan-213x420.png\" class=\"attachment-medilink-size4 size-medilink-size4 wp-post-image\" alt=\"beylikduzu dis\" loading=\"lazy\" \/>\t                            \r\r\n\t                        \t\t<\/div>\r\r\n\t                        \r\n\t                        <div class=\"item-content \">\r\r\n\t\t                        <div class=\"item-content-mid\">\r\r\n\t\t\t\t\t\t\t\t\t<h3 class=\"item-title\">\r\r\n\t\t\t\t\t\t\t\t\t<a href=\"https:\/\/www.floradent.com\/bg\/?medilink_doctor=dt-caglar-ozkan\">Dt. \u00c7a\u011flar \u00d6zkan<\/a>\r\r\n\t\t\t\t\t\t\t\t\t<\/h3>                       \r\r\n\t\t\t\t\t\t\t\t\t\r\n\t\t\t\t\t\t\t\t\t<p>\u0415\u0441\u0442\u0435\u0442\u0438\u0447\u043d\u0430 \u0434\u0435\u043d\u0442\u0430\u043b\u043d\u0430 \u043c\u0435\u0434\u0438\u0446\u0438\u043d\u0430<\/p>\r\r\n\t\t\t\t\t\t\t\t\t\r\n\t\t\t\t\t\t\t\t\t<div class=\"item-social\">\r\r\n\t\t\t\t\t\t\t\t\t\t<ul>\r\r\n\t\t\t\t\t\t\t\t\t\t\r\n\t\t\t\t\t\t\t\t\t\t\r\n\t\t\t\t\t\t\t\t\t\t<li><a target=\"_blank\" href=\"#\"><i class=\"fa fa-facebook\" aria-hidden=\"true\"><\/i><\/a><\/li>\r\r\n\t\t\t\t\t\t\t\t\t\t\r\n\t\t\t\t\t\t\t\t\t\t\r\n\t\t\t\t\t\t\t\t\t\t\r\n\t\t\t\t\t\t\t\t\t\t\r\n\t\t\t\t\t\t\t\t\t\t\r\n\t\t\t\t\t\t\t\t\t\t\r\n\t\t\t\t\t\t\t\t\t\t\r\n\t\t\t\t\t\t\t\t\t\t\r\n\t\t\t\t\t\t\t\t\t\t\r\n\t\t\t\t\t\t\t\t\t\t<li><a target=\"_blank\" href=\"#\"><i class=\"fa fa-youtube-play\" aria-hidden=\"true\"><\/i><\/a><\/li>\r\r\n\t\t\t\t\t\t\t\t\t\t\r\n\t\t\t\t\t\t\t\t\t\t\r\n\t\t\t\t\t\t\t\t\t\t\r\n\t\t\t\t\t\t\t\t\t\t\r\n\t\t\t\t\t\t\t\t\t\t\r\n\t\t\t\t\t\t\t\t\t\t<li><a target=\"_blank\" href=\"#\"><i class=\"fa fa-instagram\" aria-hidden=\"true\"><\/i><\/a><\/li>\r\r\n\t\t\t\t\t\t\t\t\t\t\r\n\t\t\t\t\t\t\t\t\t\t\r\n\t\t\t\t\t\t\t\t\t\t\r\n\t\t\t\t\t\t\t\t\t\t\r\n\t\t\t\t\t\t\t\t\t\t\r\n\t\t\t\t\t\t\t\t\t\t\r\n\t\t\t\t\t\t\t\t\t\t<\/ul>\r\r\n\t\t\t\t\t\t\t\t\t<\/div>\r\r\n\t\t\t\t\t\t\t    <\/div>\r\r\n\t\t\t\t\t\t    <\/div>\r\r\n\t\t\t\t\t  \t\t                      \r\r\n\t                    <\/div>\r\r\n\t                <\/div>\r\r\n                <\/div>\r\r\n\t\t\t\r\n\t\t\t\r\n\t\t\t\t<div class=\"rtin-item no-equal-item col-lg-3 col-md-6 col-sm-12 col-xs-12\">\r\r\n\t\t\t\t\t <div class=\"team-box-layout42\">\r\r\n\t\t\t\t\t\t <div class=\"item-mid\">\r\r\n\t                            \t\t\t\t\t\t\t\t\t    \r\r\n\t                        \t\t<div class=\"item-img\">                           \r\r\n\t\t\t\t\t\t\t\t\t   <img width=\"213\" height=\"420\" src=\"https:\/\/www.floradent.com\/bg\/wp-content\/uploads\/2020\/11\/betulkartal-213x420.png\" class=\"attachment-medilink-size4 size-medilink-size4 wp-post-image\" alt=\"beylikduzu dis\" loading=\"lazy\" \/>\t                            \r\r\n\t                        \t\t<\/div>\r\r\n\t                        \r\n\t                        <div class=\"item-content \">\r\r\n\t\t                        <div class=\"item-content-mid\">\r\r\n\t\t\t\t\t\t\t\t\t<h3 class=\"item-title\">\r\r\n\t\t\t\t\t\t\t\t\t<a href=\"https:\/\/www.floradent.com\/bg\/?medilink_doctor=dt-betul-kartal\">Dt. Bet\u00fcl Kartal<\/a>\r\r\n\t\t\t\t\t\t\t\t\t<\/h3>                       \r\r\n\t\t\t\t\t\t\t\t\t\r\n\t\t\t\t\t\t\t\t\t<p>\u0415\u0441\u0442\u0435\u0442\u0438\u0447\u043d\u0430 \u0434\u0435\u043d\u0442\u0430\u043b\u043d\u0430 \u043c\u0435\u0434\u0438\u0446\u0438\u043d\u0430<\/p>\r\r\n\t\t\t\t\t\t\t\t\t\r\n\t\t\t\t\t\t\t\t\t<div class=\"item-social\">\r\r\n\t\t\t\t\t\t\t\t\t\t<ul>\r\r\n\t\t\t\t\t\t\t\t\t\t\r\n\t\t\t\t\t\t\t\t\t\t\r\n\t\t\t\t\t\t\t\t\t\t<li><a target=\"_blank\" href=\"#\"><i class=\"fa fa-facebook\" aria-hidden=\"true\"><\/i><\/a><\/li>\r\r\n\t\t\t\t\t\t\t\t\t\t\r\n\t\t\t\t\t\t\t\t\t\t\r\n\t\t\t\t\t\t\t\t\t\t\r\n\t\t\t\t\t\t\t\t\t\t\r\n\t\t\t\t\t\t\t\t\t\t\r\n\t\t\t\t\t\t\t\t\t\t\r\n\t\t\t\t\t\t\t\t\t\t\r\n\t\t\t\t\t\t\t\t\t\t\r\n\t\t\t\t\t\t\t\t\t\t\r\n\t\t\t\t\t\t\t\t\t\t<li><a target=\"_blank\" href=\"#\"><i class=\"fa fa-youtube-play\" aria-hidden=\"true\"><\/i><\/a><\/li>\r\r\n\t\t\t\t\t\t\t\t\t\t\r\n\t\t\t\t\t\t\t\t\t\t\r\n\t\t\t\t\t\t\t\t\t\t\r\n\t\t\t\t\t\t\t\t\t\t\r\n\t\t\t\t\t\t\t\t\t\t\r\n\t\t\t\t\t\t\t\t\t\t<li><a target=\"_blank\" href=\"#\"><i class=\"fa fa-instagram\" aria-hidden=\"true\"><\/i><\/a><\/li>\r\r\n\t\t\t\t\t\t\t\t\t\t\r\n\t\t\t\t\t\t\t\t\t\t\r\n\t\t\t\t\t\t\t\t\t\t\r\n\t\t\t\t\t\t\t\t\t\t\r\n\t\t\t\t\t\t\t\t\t\t\r\n\t\t\t\t\t\t\t\t\t\t\r\n\t\t\t\t\t\t\t\t\t\t<\/ul>\r\r\n\t\t\t\t\t\t\t\t\t<\/div>\r\r\n\t\t\t\t\t\t\t    <\/div>\r\r\n\t\t\t\t\t\t    <\/div>\r\r\n\t\t\t\t\t  \t\t                      \r\r\n\t                    <\/div>\r\r\n\t                <\/div>\r\r\n                <\/div>\r\r\n\t\t\t\r\n\t\t\t\r\n\t\t\t\t<div class=\"rtin-item no-equal-item col-lg-3 col-md-6 col-sm-12 col-xs-12\">\r\r\n\t\t\t\t\t <div class=\"team-box-layout42\">\r\r\n\t\t\t\t\t\t <div class=\"item-mid\">\r\r\n\t                            \t\t\t\t\t\t\t\t\t    \r\r\n\t                        \t\t<div class=\"item-img\">                           \r\r\n\t\t\t\t\t\t\t\t\t   <img width=\"213\" height=\"420\" src=\"https:\/\/www.floradent.com\/bg\/wp-content\/uploads\/2020\/11\/denizbedel-213x420.png\" class=\"attachment-medilink-size4 size-medilink-size4 wp-post-image\" alt=\"beylikduzu dis\" loading=\"lazy\" \/>\t                            \r\r\n\t                        \t\t<\/div>\r\r\n\t                        \r\n\t                        <div class=\"item-content \">\r\r\n\t\t                        <div class=\"item-content-mid\">\r\r\n\t\t\t\t\t\t\t\t\t<h3 class=\"item-title\">\r\r\n\t\t\t\t\t\t\t\t\t<a href=\"https:\/\/www.floradent.com\/bg\/?medilink_doctor=dt-deniz-bedel\">Dt. Deniz BEDEL<\/a>\r\r\n\t\t\t\t\t\t\t\t\t<\/h3>                       \r\r\n\t\t\t\t\t\t\t\t\t\r\n\t\t\t\t\t\t\t\t\t<p>Di\u015f Hekimi<\/p>\r\r\n\t\t\t\t\t\t\t\t\t\r\n\t\t\t\t\t\t\t\t\t<div class=\"item-social\">\r\r\n\t\t\t\t\t\t\t\t\t\t<ul>\r\r\n\t\t\t\t\t\t\t\t\t\t\r\n\t\t\t\t\t\t\t\t\t\t\r\n\t\t\t\t\t\t\t\t\t\t<li><a target=\"_blank\" href=\"#\"><i class=\"fa fa-facebook\" aria-hidden=\"true\"><\/i><\/a><\/li>\r\r\n\t\t\t\t\t\t\t\t\t\t\r\n\t\t\t\t\t\t\t\t\t\t\r\n\t\t\t\t\t\t\t\t\t\t\r\n\t\t\t\t\t\t\t\t\t\t\r\n\t\t\t\t\t\t\t\t\t\t\r\n\t\t\t\t\t\t\t\t\t\t\r\n\t\t\t\t\t\t\t\t\t\t\r\n\t\t\t\t\t\t\t\t\t\t\r\n\t\t\t\t\t\t\t\t\t\t\r\n\t\t\t\t\t\t\t\t\t\t<li><a target=\"_blank\" href=\"#\"><i class=\"fa fa-youtube-play\" aria-hidden=\"true\"><\/i><\/a><\/li>\r\r\n\t\t\t\t\t\t\t\t\t\t\r\n\t\t\t\t\t\t\t\t\t\t\r\n\t\t\t\t\t\t\t\t\t\t\r\n\t\t\t\t\t\t\t\t\t\t\r\n\t\t\t\t\t\t\t\t\t\t\r\n\t\t\t\t\t\t\t\t\t\t<li><a target=\"_blank\" href=\"#\"><i class=\"fa fa-instagram\" aria-hidden=\"true\"><\/i><\/a><\/li>\r\r\n\t\t\t\t\t\t\t\t\t\t\r\n\t\t\t\t\t\t\t\t\t\t\r\n\t\t\t\t\t\t\t\t\t\t\r\n\t\t\t\t\t\t\t\t\t\t\r\n\t\t\t\t\t\t\t\t\t\t\r\n\t\t\t\t\t\t\t\t\t\t\r\n\t\t\t\t\t\t\t\t\t\t<\/ul>\r\r\n\t\t\t\t\t\t\t\t\t<\/div>\r\r\n\t\t\t\t\t\t\t    <\/div>\r\r\n\t\t\t\t\t\t    <\/div>\r\r\n\t\t\t\t\t  \t\t                      \r\r\n\t                    <\/div>\r\r\n\t                <\/div>\r\r\n                <\/div>\r\r\n\t\t\t\r\n\t\t\t\r\n\t\t\t\t<div class=\"rtin-item no-equal-item col-lg-3 col-md-6 col-sm-12 col-xs-12\">\r\r\n\t\t\t\t\t <div class=\"team-box-layout42\">\r\r\n\t\t\t\t\t\t <div class=\"item-mid\">\r\r\n\t                            \t\t\t\t\t\t\t\t\t    \r\r\n\t                        \t\t<div class=\"item-img\">                           \r\r\n\t\t\t\t\t\t\t\t\t   <img width=\"213\" height=\"420\" src=\"https:\/\/www.floradent.com\/bg\/wp-content\/uploads\/2020\/11\/ozcan-2-213x420.png\" class=\"attachment-medilink-size4 size-medilink-size4 wp-post-image\" alt=\"dt ozcan ekici\" loading=\"lazy\" \/>\t                            \r\r\n\t                        \t\t<\/div>\r\r\n\t                        \r\n\t                        <div class=\"item-content \">\r\r\n\t\t                        <div class=\"item-content-mid\">\r\r\n\t\t\t\t\t\t\t\t\t<h3 class=\"item-title\">\r\r\n\t\t\t\t\t\t\t\t\t<a href=\"https:\/\/www.floradent.com\/bg\/?medilink_doctor=dt-ozcan-ekici\">Dt. \u00d6zcan EK\u0130C\u0130<\/a>\r\r\n\t\t\t\t\t\t\t\t\t<\/h3>                       \r\r\n\t\t\t\t\t\t\t\t\t\r\n\t\t\t\t\t\t\t\t\t<p>Estetik Di\u015f Hekimi<\/p>\r\r\n\t\t\t\t\t\t\t\t\t\r\n\t\t\t\t\t\t\t\t\t<div class=\"item-social\">\r\r\n\t\t\t\t\t\t\t\t\t\t<ul>\r\r\n\t\t\t\t\t\t\t\t\t\t\r\n\t\t\t\t\t\t\t\t\t\t\r\n\t\t\t\t\t\t\t\t\t\t<li><a target=\"_blank\" href=\"#\"><i class=\"fa fa-facebook\" aria-hidden=\"true\"><\/i><\/a><\/li>\r\r\n\t\t\t\t\t\t\t\t\t\t\r\n\t\t\t\t\t\t\t\t\t\t\r\n\t\t\t\t\t\t\t\t\t\t\r\n\t\t\t\t\t\t\t\t\t\t\r\n\t\t\t\t\t\t\t\t\t\t\r\n\t\t\t\t\t\t\t\t\t\t\r\n\t\t\t\t\t\t\t\t\t\t\r\n\t\t\t\t\t\t\t\t\t\t\r\n\t\t\t\t\t\t\t\t\t\t\r\n\t\t\t\t\t\t\t\t\t\t<li><a target=\"_blank\" href=\"#\"><i class=\"fa fa-youtube-play\" aria-hidden=\"true\"><\/i><\/a><\/li>\r\r\n\t\t\t\t\t\t\t\t\t\t\r\n\t\t\t\t\t\t\t\t\t\t\r\n\t\t\t\t\t\t\t\t\t\t\r\n\t\t\t\t\t\t\t\t\t\t\r\n\t\t\t\t\t\t\t\t\t\t\r\n\t\t\t\t\t\t\t\t\t\t<li><a target=\"_blank\" href=\"#\"><i class=\"fa fa-instagram\" aria-hidden=\"true\"><\/i><\/a><\/li>\r\r\n\t\t\t\t\t\t\t\t\t\t\r\n\t\t\t\t\t\t\t\t\t\t\r\n\t\t\t\t\t\t\t\t\t\t\r\n\t\t\t\t\t\t\t\t\t\t\r\n\t\t\t\t\t\t\t\t\t\t\r\n\t\t\t\t\t\t\t\t\t\t\r\n\t\t\t\t\t\t\t\t\t\t<\/ul>\r\r\n\t\t\t\t\t\t\t\t\t<\/div>\r\r\n\t\t\t\t\t\t\t    <\/div>\r\r\n\t\t\t\t\t\t    <\/div>\r\r\n\t\t\t\t\t  \t\t                      \r\r\n\t                    <\/div>\r\r\n\t                <\/div>\r\r\n                <\/div>\r\r\n\t\t\t\r\n\t\t\t\r\n\t\t\t\t<div class=\"rtin-item no-equal-item col-lg-3 col-md-6 col-sm-12 col-xs-12\">\r\r\n\t\t\t\t\t <div class=\"team-box-layout42\">\r\r\n\t\t\t\t\t\t <div class=\"item-mid\">\r\r\n\t                            \t\t\t\t\t\t\t\t\t    \r\r\n\t                        \t\t<div class=\"item-img\">                           \r\r\n\t\t\t\t\t\t\t\t\t   <img width=\"213\" height=\"420\" src=\"https:\/\/www.floradent.com\/bg\/wp-content\/uploads\/2020\/11\/vedatborlukan-213x420.jpg\" class=\"attachment-medilink-size4 size-medilink-size4 wp-post-image\" alt=\"beylikduzu dis\" loading=\"lazy\" \/>\t                            \r\r\n\t                        \t\t<\/div>\r\r\n\t                        \r\n\t                        <div class=\"item-content \">\r\r\n\t\t                        <div class=\"item-content-mid\">\r\r\n\t\t\t\t\t\t\t\t\t<h3 class=\"item-title\">\r\r\n\t\t\t\t\t\t\t\t\t<a href=\"https:\/\/www.floradent.com\/bg\/?medilink_doctor=dt-vedat-borlukan\">Dt. Vedat BORLUKAN<\/a>\r\r\n\t\t\t\t\t\t\t\t\t<\/h3>                       \r\r\n\t\t\t\t\t\t\t\t\t\r\n\t\t\t\t\t\t\t\t\t<p>Di\u015f Hekimi<\/p>\r\r\n\t\t\t\t\t\t\t\t\t\r\n\t\t\t\t\t\t\t\t\t<div class=\"item-social\">\r\r\n\t\t\t\t\t\t\t\t\t\t<ul>\r\r\n\t\t\t\t\t\t\t\t\t\t\r\n\t\t\t\t\t\t\t\t\t\t\r\n\t\t\t\t\t\t\t\t\t\t<li><a target=\"_blank\" href=\"#\"><i class=\"fa fa-facebook\" aria-hidden=\"true\"><\/i><\/a><\/li>\r\r\n\t\t\t\t\t\t\t\t\t\t\r\n\t\t\t\t\t\t\t\t\t\t\r\n\t\t\t\t\t\t\t\t\t\t\r\n\t\t\t\t\t\t\t\t\t\t\r\n\t\t\t\t\t\t\t\t\t\t\r\n\t\t\t\t\t\t\t\t\t\t\r\n\t\t\t\t\t\t\t\t\t\t\r\n\t\t\t\t\t\t\t\t\t\t\r\n\t\t\t\t\t\t\t\t\t\t\r\n\t\t\t\t\t\t\t\t\t\t<li><a target=\"_blank\" href=\"#\"><i class=\"fa fa-youtube-play\" aria-hidden=\"true\"><\/i><\/a><\/li>\r\r\n\t\t\t\t\t\t\t\t\t\t\r\n\t\t\t\t\t\t\t\t\t\t\r\n\t\t\t\t\t\t\t\t\t\t\r\n\t\t\t\t\t\t\t\t\t\t\r\n\t\t\t\t\t\t\t\t\t\t\r\n\t\t\t\t\t\t\t\t\t\t<li><a target=\"_blank\" href=\"#\"><i class=\"fa fa-instagram\" aria-hidden=\"true\"><\/i><\/a><\/li>\r\r\n\t\t\t\t\t\t\t\t\t\t\r\n\t\t\t\t\t\t\t\t\t\t\r\n\t\t\t\t\t\t\t\t\t\t\r\n\t\t\t\t\t\t\t\t\t\t\r\n\t\t\t\t\t\t\t\t\t\t\r\n\t\t\t\t\t\t\t\t\t\t\r\n\t\t\t\t\t\t\t\t\t\t<\/ul>\r\r\n\t\t\t\t\t\t\t\t\t<\/div>\r\r\n\t\t\t\t\t\t\t    <\/div>\r\r\n\t\t\t\t\t\t    <\/div>\r\r\n\t\t\t\t\t  \t\t                      \r\r\n\t                    <\/div>\r\r\n\t                <\/div>\r\r\n                <\/div>\r\r\n\t\t\t\r\n\t\t\t\r\n\t\t\t\t<div class=\"rtin-item no-equal-item col-lg-3 col-md-6 col-sm-12 col-xs-12\">\r\r\n\t\t\t\t\t <div class=\"team-box-layout42\">\r\r\n\t\t\t\t\t\t <div class=\"item-mid\">\r\r\n\t                            \t\t\t\t\t\t\t\t\t    \r\r\n\t                        \t\t<div class=\"item-img\">                           \r\r\n\t\t\t\t\t\t\t\t\t   <img width=\"213\" height=\"420\" src=\"https:\/\/www.floradent.com\/bg\/wp-content\/uploads\/2020\/11\/YILDIZ_OZKAN_CAVUS-213x420.jpg\" class=\"attachment-medilink-size4 size-medilink-size4 wp-post-image\" alt=\"\" loading=\"lazy\" \/>\t                            \r\r\n\t                        \t\t<\/div>\r\r\n\t                        \r\n\t                        <div class=\"item-content \">\r\r\n\t\t                        <div class=\"item-content-mid\">\r\r\n\t\t\t\t\t\t\t\t\t<h3 class=\"item-title\">\r\r\n\t\t\t\t\t\t\t\t\t<a href=\"https:\/\/www.floradent.com\/bg\/?medilink_doctor=dr-dt-yildiz-ozkan-cavus\">Dr. Dt. Y\u0131ld\u0131z \u00d6ZKAN \u00c7AVU\u015e<\/a>\r\r\n\t\t\t\t\t\t\t\t\t<\/h3>                       \r\r\n\t\t\t\t\t\t\t\t\t\r\n\t\t\t\t\t\t\t\t\t<p>\u0415\u0441\u0442\u0435\u0442\u0438\u0447\u043d\u0430 \u0434\u0435\u043d\u0442\u0430\u043b\u043d\u0430 \u043c\u0435\u0434\u0438\u0446\u0438\u043d\u0430<\/p>\r\r\n\t\t\t\t\t\t\t\t\t\r\n\t\t\t\t\t\t\t\t\t<div class=\"item-social\">\r\r\n\t\t\t\t\t\t\t\t\t\t<ul>\r\r\n\t\t\t\t\t\t\t\t\t\t\r\n\t\t\t\t\t\t\t\t\t\t\r\n\t\t\t\t\t\t\t\t\t\t<li><a target=\"_blank\" href=\"#\"><i class=\"fa fa-facebook\" aria-hidden=\"true\"><\/i><\/a><\/li>\r\r\n\t\t\t\t\t\t\t\t\t\t\r\n\t\t\t\t\t\t\t\t\t\t\r\n\t\t\t\t\t\t\t\t\t\t\r\n\t\t\t\t\t\t\t\t\t\t\r\n\t\t\t\t\t\t\t\t\t\t\r\n\t\t\t\t\t\t\t\t\t\t\r\n\t\t\t\t\t\t\t\t\t\t\r\n\t\t\t\t\t\t\t\t\t\t\r\n\t\t\t\t\t\t\t\t\t\t\r\n\t\t\t\t\t\t\t\t\t\t<li><a target=\"_blank\" href=\"#\"><i class=\"fa fa-youtube-play\" aria-hidden=\"true\"><\/i><\/a><\/li>\r\r\n\t\t\t\t\t\t\t\t\t\t\r\n\t\t\t\t\t\t\t\t\t\t\r\n\t\t\t\t\t\t\t\t\t\t\r\n\t\t\t\t\t\t\t\t\t\t\r\n\t\t\t\t\t\t\t\t\t\t\r\n\t\t\t\t\t\t\t\t\t\t<li><a target=\"_blank\" href=\"#\"><i class=\"fa fa-instagram\" aria-hidden=\"true\"><\/i><\/a><\/li>\r\r\n\t\t\t\t\t\t\t\t\t\t\r\n\t\t\t\t\t\t\t\t\t\t\r\n\t\t\t\t\t\t\t\t\t\t\r\n\t\t\t\t\t\t\t\t\t\t\r\n\t\t\t\t\t\t\t\t\t\t\r\n\t\t\t\t\t\t\t\t\t\t\r\n\t\t\t\t\t\t\t\t\t\t<\/ul>\r\r\n\t\t\t\t\t\t\t\t\t<\/div>\r\r\n\t\t\t\t\t\t\t    <\/div>\r\r\n\t\t\t\t\t\t    <\/div>\r\r\n\t\t\t\t\t  \t\t                      \r\r\n\t                    <\/div>\r\r\n\t                <\/div>\r\r\n                <\/div>\r\r\n\t\t\t\r\n\t\t\t\r\n\t\t\t\t<div class=\"rtin-item no-equal-item col-lg-3 col-md-6 col-sm-12 col-xs-12\">\r\r\n\t\t\t\t\t <div class=\"team-box-layout42\">\r\r\n\t\t\t\t\t\t <div class=\"item-mid\">\r\r\n\t                            \t\t\t\t\t\t\t\t\t    \r\r\n\t                        \t\t<div class=\"item-img\">                           \r\r\n\t\t\t\t\t\t\t\t\t   <img width=\"213\" height=\"420\" src=\"https:\/\/www.floradent.com\/bg\/wp-content\/uploads\/2020\/11\/alibey1-213x420.jpg\" class=\"attachment-medilink-size4 size-medilink-size4 wp-post-image\" alt=\"\" loading=\"lazy\" \/>\t                            \r\r\n\t                        \t\t<\/div>\r\r\n\t                        \r\n\t                        <div class=\"item-content \">\r\r\n\t\t                        <div class=\"item-content-mid\">\r\r\n\t\t\t\t\t\t\t\t\t<h3 class=\"item-title\">\r\r\n\t\t\t\t\t\t\t\t\t<a href=\"https:\/\/www.floradent.com\/bg\/?medilink_doctor=dr-dt-ali-gordeal\">Dr. Dt. Ali G\u00d6RDEAL<\/a>\r\r\n\t\t\t\t\t\t\t\t\t<\/h3>                       \r\r\n\t\t\t\t\t\t\t\t\t\r\n\t\t\t\t\t\t\t\t\t<p>\u041e\u0440\u0442\u043e\u0434\u043e\u043d\u0442<\/p>\r\r\n\t\t\t\t\t\t\t\t\t\r\n\t\t\t\t\t\t\t\t\t<div class=\"item-social\">\r\r\n\t\t\t\t\t\t\t\t\t\t<ul>\r\r\n\t\t\t\t\t\t\t\t\t\t\r\n\t\t\t\t\t\t\t\t\t\t\r\n\t\t\t\t\t\t\t\t\t\t<li><a target=\"_blank\" href=\"#\"><i class=\"fa fa-facebook\" aria-hidden=\"true\"><\/i><\/a><\/li>\r\r\n\t\t\t\t\t\t\t\t\t\t\r\n\t\t\t\t\t\t\t\t\t\t\r\n\t\t\t\t\t\t\t\t\t\t\r\n\t\t\t\t\t\t\t\t\t\t\r\n\t\t\t\t\t\t\t\t\t\t\r\n\t\t\t\t\t\t\t\t\t\t\r\n\t\t\t\t\t\t\t\t\t\t\r\n\t\t\t\t\t\t\t\t\t\t\r\n\t\t\t\t\t\t\t\t\t\t\r\n\t\t\t\t\t\t\t\t\t\t<li><a target=\"_blank\" href=\"#\"><i class=\"fa fa-youtube-play\" aria-hidden=\"true\"><\/i><\/a><\/li>\r\r\n\t\t\t\t\t\t\t\t\t\t\r\n\t\t\t\t\t\t\t\t\t\t\r\n\t\t\t\t\t\t\t\t\t\t\r\n\t\t\t\t\t\t\t\t\t\t\r\n\t\t\t\t\t\t\t\t\t\t\r\n\t\t\t\t\t\t\t\t\t\t<li><a target=\"_blank\" href=\"#\"><i class=\"fa fa-instagram\" aria-hidden=\"true\"><\/i><\/a><\/li>\r\r\n\t\t\t\t\t\t\t\t\t\t\r\n\t\t\t\t\t\t\t\t\t\t\r\n\t\t\t\t\t\t\t\t\t\t\r\n\t\t\t\t\t\t\t\t\t\t\r\n\t\t\t\t\t\t\t\t\t\t\r\n\t\t\t\t\t\t\t\t\t\t\r\n\t\t\t\t\t\t\t\t\t\t<\/ul>\r\r\n\t\t\t\t\t\t\t\t\t<\/div>\r\r\n\t\t\t\t\t\t\t    <\/div>\r\r\n\t\t\t\t\t\t    <\/div>\r\r\n\t\t\t\t\t  \t\t                      \r\r\n\t                    <\/div>\r\r\n\t                <\/div>\r\r\n                <\/div>\r\r\n\t\t\t\r\n\t\t\t\r\n\t\t\t\t<div class=\"rtin-item no-equal-item col-lg-3 col-md-6 col-sm-12 col-xs-12\">\r\r\n\t\t\t\t\t <div class=\"team-box-layout42\">\r\r\n\t\t\t\t\t\t <div class=\"item-mid\">\r\r\n\t                            \t\t\t\t\t\t\t\t\t    \r\r\n\t                        \t\t<div class=\"item-img\">                           \r\r\n\t\t\t\t\t\t\t\t\t   <img width=\"213\" height=\"420\" src=\"https:\/\/www.floradent.com\/bg\/wp-content\/uploads\/2021\/02\/misra-213x420.jpg\" class=\"attachment-medilink-size4 size-medilink-size4 wp-post-image\" alt=\"dr m\u0131sra \u00f6zalp\" loading=\"lazy\" \/>\t                            \r\r\n\t                        \t\t<\/div>\r\r\n\t                        \r\n\t                        <div class=\"item-content \">\r\r\n\t\t                        <div class=\"item-content-mid\">\r\r\n\t\t\t\t\t\t\t\t\t<h3 class=\"item-title\">\r\r\n\t\t\t\t\t\t\t\t\t<a href=\"https:\/\/www.floradent.com\/bg\/?medilink_doctor=dr-dt-misra-ozalp\">Dr. Dt. M\u0131sra OZALP<\/a>\r\r\n\t\t\t\t\t\t\t\t\t<\/h3>                       \r\r\n\t\t\t\t\t\t\t\t\t\r\n\t\t\t\t\t\t\t\t\t<p><\/p>\r\r\n\t\t\t\t\t\t\t\t\t\r\n\t\t\t\t\t\t\t\t\t<div class=\"item-social\">\r\r\n\t\t\t\t\t\t\t\t\t\t<ul>\r\r\n\t\t\t\t\t\t\t\t\t\t\r\n\t\t\t\t\t\t\t\t\t\t\r\n\t\t\t\t\t\t\t\t\t\t<li><a target=\"_blank\" href=\"#\"><i class=\"fa fa-facebook\" aria-hidden=\"true\"><\/i><\/a><\/li>\r\r\n\t\t\t\t\t\t\t\t\t\t\r\n\t\t\t\t\t\t\t\t\t\t\r\n\t\t\t\t\t\t\t\t\t\t\r\n\t\t\t\t\t\t\t\t\t\t\r\n\t\t\t\t\t\t\t\t\t\t\r\n\t\t\t\t\t\t\t\t\t\t\r\n\t\t\t\t\t\t\t\t\t\t\r\n\t\t\t\t\t\t\t\t\t\t\r\n\t\t\t\t\t\t\t\t\t\t\r\n\t\t\t\t\t\t\t\t\t\t<li><a target=\"_blank\" href=\"#\"><i class=\"fa fa-youtube-play\" aria-hidden=\"true\"><\/i><\/a><\/li>\r\r\n\t\t\t\t\t\t\t\t\t\t\r\n\t\t\t\t\t\t\t\t\t\t\r\n\t\t\t\t\t\t\t\t\t\t\r\n\t\t\t\t\t\t\t\t\t\t\r\n\t\t\t\t\t\t\t\t\t\t\r\n\t\t\t\t\t\t\t\t\t\t<li><a target=\"_blank\" href=\"#\"><i class=\"fa fa-instagram\" aria-hidden=\"true\"><\/i><\/a><\/li>\r\r\n\t\t\t\t\t\t\t\t\t\t\r\n\t\t\t\t\t\t\t\t\t\t\r\n\t\t\t\t\t\t\t\t\t\t\r\n\t\t\t\t\t\t\t\t\t\t\r\n\t\t\t\t\t\t\t\t\t\t\r\n\t\t\t\t\t\t\t\t\t\t\r\n\t\t\t\t\t\t\t\t\t\t<\/ul>\r\r\n\t\t\t\t\t\t\t\t\t<\/div>\r\r\n\t\t\t\t\t\t\t    <\/div>\r\r\n\t\t\t\t\t\t    <\/div>\r\r\n\t\t\t\t\t  \t\t                      \r\r\n\t                    <\/div>\r\r\n\t                <\/div>\r\r\n                <\/div>\r\r\n\t\t\t\r\n\t\t\r\n\t\r\n<\/div>\t\t<\/div>\n\t\t\t\t<\/div>\n\t\t\t\t\t\t<\/div>\n\t\t\t\t\t<\/div>\n\t\t<\/div>\n\t\t\t\t\t\t\t\t<\/div>\n\t\t\t\t\t<\/div>\n\t\t<\/section>\n\t\t\t\t\t\t<\/div>\n\t\t\t\t\t\t<\/div>\n\t\t\t\t\t<\/div>\n\t\t","protected":false},"excerpt":{"rendered":"<p>Uzman Di\u015f Hekimlerimiz Dt. Vildan Zorlu Estetik Di\u015f Hekimi Dr. Dt. Ne\u015fe KAHRAMAN \u00c7ene Cerrah\u0131 Dt. \u00c7a\u011flar \u00d6zkan Di\u015f Hekimi Dt. Bet\u00fcl Kartal Di\u015f Hekimi Dt. Deniz BEDEL Di\u015f Hekimi Dt. J\u00fclide \u00dcNVER Di\u015f Hekimi Beykent Di\u015f Klini\u011fi Mesul M\u00fcd\u00fcr Dt. Nefise OLCAYTO Di\u015f Hekimi Dt. \u00d6zcan EK\u0130C\u0130 Estetik Di\u015f Hekimi Dt. Vedat BORLUKAN Di\u015f&#8230;<\/p>\n","protected":false},"author":1,"featured_media":0,"parent":0,"menu_order":0,"comment_status":"closed","ping_status":"closed","template":"","meta":[],"_links":{"self":[{"href":"https:\/\/www.floradent.com\/bg\/index.php?rest_route=\/wp\/v2\/pages\/631"}],"collection":[{"href":"https:\/\/www.floradent.com\/bg\/index.php?rest_route=\/wp\/v2\/pages"}],"about":[{"href":"https:\/\/www.floradent.com\/bg\/index.php?rest_route=\/wp\/v2\/types\/page"}],"author":[{"embeddable":true,"href":"https:\/\/www.floradent.com\/bg\/index.php?rest_route=\/wp\/v2\/users\/1"}],"replies":[{"embeddable":true,"href":"https:\/\/www.floradent.com\/bg\/index.php?rest_route=%2Fwp%2Fv2%2Fcomments&post=631"}],"version-history":[{"count":34,"href":"https:\/\/www.floradent.com\/bg\/index.php?rest_route=\/wp\/v2\/pages\/631\/revisions"}],"predecessor-version":[{"id":4812,"href":"https:\/\/www.floradent.com\/bg\/index.php?rest_route=\/wp\/v2\/pages\/631\/revisions\/4812"}],"wp:attachment":[{"href":"https:\/\/www.floradent.com\/bg\/index.php?rest_route=%2Fwp%2Fv2%2Fmedia&parent=631"}],"curies":[{"name":"wp","href":"https:\/\/api.w.org\/{rel}","templated":true}]}}