{"id":3341,"date":"2020-11-17T15:49:12","date_gmt":"2020-11-17T12:49:12","guid":{"rendered":"http:\/\/www.floradent.com\/?page_id=3341"},"modified":"2021-09-14T03:55:24","modified_gmt":"2021-09-14T00:55:24","slug":"mimaroba-dis-klinigi","status":"publish","type":"page","link":"https:\/\/www.floradent.com\/en\/?page_id=3341","title":{"rendered":"Mimaroba Dental Clinic"},"content":{"rendered":"\t\t<div data-elementor-type=\"wp-page\" data-elementor-id=\"3341\" class=\"elementor elementor-3341\" data-elementor-settings=\"[]\">\n\t\t\t\t\t\t<div class=\"elementor-inner\">\n\t\t\t\t\t\t\t<div class=\"elementor-section-wrap\">\n\t\t\t\t\t\t\t<section class=\"elementor-section elementor-top-section elementor-element elementor-element-5e755ce elementor-section-boxed elementor-section-height-default elementor-section-height-default\" data-id=\"5e755ce\" data-element_type=\"section\">\n\t\t\t\t\t\t<div class=\"elementor-container elementor-column-gap-default\">\n\t\t\t\t\t\t\t<div class=\"elementor-row\">\n\t\t\t\t\t<div class=\"elementor-column elementor-col-50 elementor-top-column elementor-element elementor-element-9756732\" data-id=\"9756732\" data-element_type=\"column\">\n\t\t\t<div class=\"elementor-column-wrap elementor-element-populated\">\n\t\t\t\t\t\t\t<div class=\"elementor-widget-wrap\">\n\t\t\t\t\t\t<div class=\"elementor-element elementor-element-6fd50ff elementor-widget elementor-widget-text-editor\" data-id=\"6fd50ff\" data-element_type=\"widget\" data-widget_type=\"text-editor.default\">\n\t\t\t\t<div class=\"elementor-widget-container\">\n\t\t\t\t\t\t\t\t<div class=\"elementor-text-editor elementor-clearfix\">\n\t\t\t\t<div role=\"form\" class=\"wpcf7\" id=\"wpcf7-f2696-o1\" lang=\"en-US\" dir=\"ltr\">\n<div class=\"screen-reader-response\"><p role=\"status\" aria-live=\"polite\" aria-atomic=\"true\"><\/p> <ul><\/ul><\/div>\n<form action=\"\/en\/index.php?rest_route=%2Fwp%2Fv2%2Fpages%2F3341#wpcf7-f2696-o1\" method=\"post\" class=\"wpcf7-form init\" novalidate=\"novalidate\" data-status=\"init\">\n<div style=\"display: none;\">\n<input type=\"hidden\" name=\"_wpcf7\" value=\"2696\" \/>\n<input type=\"hidden\" name=\"_wpcf7_version\" value=\"5.4.2\" \/>\n<input type=\"hidden\" name=\"_wpcf7_locale\" value=\"en_US\" \/>\n<input type=\"hidden\" name=\"_wpcf7_unit_tag\" value=\"wpcf7-f2696-o1\" \/>\n<input type=\"hidden\" name=\"_wpcf7_container_post\" value=\"0\" \/>\n<input type=\"hidden\" name=\"_wpcf7_posted_data_hash\" value=\"\" \/>\n<input type=\"hidden\" name=\"_wpcf7_recaptcha_response\" value=\"\" \/>\n<\/div>\n<div class=\"appointment-box-layout1 light\">\n<div class=\"row gutters-15\">\n<div class=\"col-12 form-group\">\n<span class=\"wpcf7-form-control-wrap department\"><select name=\"department\" class=\"wpcf7-form-control wpcf7-select wpcf7-validates-as-required select2\" aria-required=\"true\" aria-invalid=\"false\"><option value=\"Dentistry\">Dentistry<\/option><option value=\"Cosmetic Dentistry\">Cosmetic Dentistry<\/option><option value=\"Implant\">Implant<\/option><option value=\"Maxillofacial Surgeon\">Maxillofacial Surgeon<\/option><option value=\"Tooth extraction\">Tooth extraction<\/option><option value=\"Dental channel\">Dental channel<\/option><option value=\"Orthodontics\">Orthodontics<\/option><option value=\"Dental Prosthesis\">Dental Prosthesis<\/option><option value=\"Other\">Other<\/option><\/select><\/span>\n<\/div>\n<div class=\"col-12 form-group\">\n<span class=\"wpcf7-form-control-wrap doctor\"><select name=\"doctor\" class=\"wpcf7-form-control wpcf7-select wpcf7-validates-as-required select2\" aria-required=\"true\" aria-invalid=\"false\"><option value=\"Dentist\">Dentist<\/option><option value=\"Dr.Dt. Ne\u015fe Kahraman\">Dr.Dt. Ne\u015fe Kahraman<\/option><option value=\"Dt. \u00c7a\u011flar \u00d6zkan\">Dt. \u00c7a\u011flar \u00d6zkan<\/option><option value=\"Dt.\u00d6zcan Ekici\">Dt.\u00d6zcan Ekici<\/option><option value=\"Dt. Deniz Bedel\">Dt. Deniz Bedel<\/option><option value=\"Dt. Bet\u00fcl Kartal\">Dt. Bet\u00fcl Kartal<\/option><option value=\"Dt. Vedat Borlukan\">Dt. Vedat Borlukan<\/option><option value=\"Dr.Dt. Ali G\u00f6rdeal\">Dr.Dt. Ali G\u00f6rdeal<\/option><option value=\"Dt.Y\u0131ld\u0131z \u00d6zkan \u00c7avu\u015f\">Dt.Y\u0131ld\u0131z \u00d6zkan \u00c7avu\u015f<\/option><\/select><\/span>\n<\/div>\n<div class=\"col-12 form-group\">\n<span class=\"wpcf7-form-control-wrap form-name\"><input type=\"text\" name=\"form-name\" value=\"\" size=\"40\" class=\"wpcf7-form-control wpcf7-text wpcf7-validates-as-required form-control\" aria-required=\"true\" aria-invalid=\"false\" placeholder=\"Name and Surname *\" \/><\/span>\n<\/div>\n<div class=\"col-md-6 form-group\">\n<span class=\"wpcf7-form-control-wrap phone\"><input type=\"text\" name=\"phone\" value=\"\" size=\"40\" class=\"wpcf7-form-control wpcf7-text wpcf7-validates-as-required form-control\" aria-required=\"true\" aria-invalid=\"false\" placeholder=\"Phone &amp; Gsm*\" \/><\/span>\n<\/div>\n<div class=\"col-md-6 form-group\">\n<span class=\"wpcf7-form-control-wrap email\"><input type=\"email\" name=\"email\" value=\"\" size=\"40\" class=\"wpcf7-form-control wpcf7-text wpcf7-email wpcf7-validates-as-required wpcf7-validates-as-email form-control\" aria-required=\"true\" aria-invalid=\"false\" placeholder=\"E-mail*\" \/><\/span>\n<\/div>\n<div class=\"col-sm-6 form-group\">\n<span class=\"wpcf7-form-control-wrap date\"><input type=\"date\" name=\"date\" value=\"\" class=\"wpcf7-form-control wpcf7-date wpcf7-validates-as-date form-control rt-date\" aria-invalid=\"false\" \/><\/span>\n<\/div>\n<div class=\"col-sm-6 form-group\">\n<span class=\"wpcf7-form-control-wrap time\"><input type=\"text\" name=\"time\" value=\"Time*\" size=\"40\" class=\"wpcf7-form-control wpcf7-text wpcf7-validates-as-required form-control\" aria-required=\"true\" aria-invalid=\"false\" \/><\/span>\n<\/div>\n<div class=\"col-12 form-group\">\n<span class=\"wpcf7-form-control-wrap message\"><textarea name=\"message\" cols=\"40\" rows=\"10\" class=\"wpcf7-form-control wpcf7-textarea textarea form-control\" aria-invalid=\"false\" placeholder=\"Appointment Request\"><\/textarea><\/span>\n<\/div>\n<div class=\"col-12 form-group\">\n<input type=\"submit\" value=\"Make an appointment\" class=\"wpcf7-form-control wpcf7-submit item-btn\" \/>\n<\/div>\n<\/div>\n<\/div>\n<div class=\"wpcf7-response-output\" aria-hidden=\"true\"><\/div><\/form><\/div>\t\t\t\t\t<\/div>\n\t\t\t\t\t\t<\/div>\n\t\t\t\t<\/div>\n\t\t\t\t\t\t<\/div>\n\t\t\t\t\t<\/div>\n\t\t<\/div>\n\t\t\t\t<div class=\"elementor-column elementor-col-50 elementor-top-column elementor-element elementor-element-399b61e\" data-id=\"399b61e\" data-element_type=\"column\">\n\t\t\t<div class=\"elementor-column-wrap elementor-element-populated\">\n\t\t\t\t\t\t\t<div class=\"elementor-widget-wrap\">\n\t\t\t\t\t\t<section class=\"elementor-section elementor-inner-section elementor-element elementor-element-0deb1cd elementor-section-boxed elementor-section-height-default elementor-section-height-default\" data-id=\"0deb1cd\" data-element_type=\"section\">\n\t\t\t\t\t\t<div class=\"elementor-container elementor-column-gap-default\">\n\t\t\t\t\t\t\t<div class=\"elementor-row\">\n\t\t\t\t\t<div class=\"elementor-column elementor-col-100 elementor-inner-column elementor-element elementor-element-1b2466d\" data-id=\"1b2466d\" data-element_type=\"column\">\n\t\t\t<div class=\"elementor-column-wrap elementor-element-populated\">\n\t\t\t\t\t\t\t<div class=\"elementor-widget-wrap\">\n\t\t\t\t\t\t<div class=\"elementor-element elementor-element-6d5d581 elementor-widget elementor-widget-rt-contact\" data-id=\"6d5d581\" data-element_type=\"widget\" data-widget_type=\"rt-contact.default\">\n\t\t\t\t<div class=\"elementor-widget-container\">\n\t\t\t\r\n<div class=\"rt-el-contact\">\r\r\n\t<ul>\r\r\n\t\t<li><i class=\"fas fa-map-marker\"><\/i> Bat\u0131k\u00f6y Mah. Mustafa Kemal Bulvar\u0131\nMarine Park Evleri 1\/j D\u00fckkan\nMimaroba\/B\u00fcy\u00fck\u00e7ekmece\/\u0130stanbul<\/li><li><i class=\"fas fa-phone-square\"><\/i> <a href=\"tel:+90(212) 864 38 00\">+90(212) 864 38 00<\/a><\/li><li><i class=\"fa fa-fax\" aria-hidden=\"true\"><\/i> +90(530) 287 17 81<\/li><li><i class=\"fa fa-envelope-o\" aria-hidden=\"true\"><\/i> <a href=\"mailto:info@floradent.com\">info@floradent.com<\/a><\/li>\r\n\t<\/ul>\r\r\n<\/div>\t\t<\/div>\n\t\t\t\t<\/div>\n\t\t\t\t\t\t<\/div>\n\t\t\t\t\t<\/div>\n\t\t<\/div>\n\t\t\t\t\t\t\t\t<\/div>\n\t\t\t\t\t<\/div>\n\t\t<\/section>\n\t\t\t\t<div class=\"elementor-element elementor-element-41828eb elementor-widget elementor-widget-rt-opening-hours-list\" data-id=\"41828eb\" data-element_type=\"widget\" data-widget_type=\"rt-opening-hours-list.default\">\n\t\t\t\t<div class=\"elementor-widget-container\">\n\t\t\t\r\n<div class=\"opening-hours-info-list\">\r\r\n\t<div class=\"opening-hours-head\">\r\r\n\t\t<span class=\"sub-title rtin-sub-title\">Our Working Hours<\/span>\r\r\n\t\t<h2 class=\"opening-hours-title\">Mimaroba Di\u015f Klini\u011fimiz<\/h2>\r\r\n\t\t<i class=\"far fa-clock\"><\/i>\r\r\n\t<\/div>\r\r\n\t<div class=\"opening-hours-info\">\r\r\n\t\t\t\t\t\r\r\n\t\t\t<ul>\r\r\n\t\t\t\t<li>Pzt - Cmt :<\/li>\r\r\n\t\t\t\t<li>09:30 - 18:30<\/li>\r\r\n\t\t\t<\/ul>\t\t\r\r\n\t\t\t\t\t\r\r\n\t\t\t<ul>\r\r\n\t\t\t\t<li>Pazar :<\/li>\r\r\n\t\t\t\t<li>Close<\/li>\r\r\n\t\t\t<\/ul>\t\t\r\r\n\t\t\r\n\t<\/div>\r\r\n<\/div>\r\r\n\t\t<\/div>\n\t\t\t\t<\/div>\n\t\t\t\t<section class=\"elementor-section elementor-inner-section elementor-element elementor-element-d7c682e elementor-section-boxed elementor-section-height-default elementor-section-height-default\" data-id=\"d7c682e\" data-element_type=\"section\">\n\t\t\t\t\t\t<div class=\"elementor-container elementor-column-gap-default\">\n\t\t\t\t\t\t\t<div class=\"elementor-row\">\n\t\t\t\t\t<div class=\"elementor-column elementor-col-50 elementor-inner-column elementor-element elementor-element-c63c0a8\" data-id=\"c63c0a8\" data-element_type=\"column\">\n\t\t\t<div class=\"elementor-column-wrap elementor-element-populated\">\n\t\t\t\t\t\t\t<div class=\"elementor-widget-wrap\">\n\t\t\t\t\t\t<div class=\"elementor-element elementor-element-062a393 elementor-widget elementor-widget-image\" data-id=\"062a393\" data-element_type=\"widget\" data-widget_type=\"image.default\">\n\t\t\t\t<div class=\"elementor-widget-container\">\n\t\t\t\t\t\t\t\t<div class=\"elementor-image\">\n\t\t\t\t\t\t\t\t\t\t\t\t<img width=\"200\" height=\"200\" src=\"https:\/\/www.floradent.com\/en\/wp-content\/uploads\/2021\/02\/mimarobaflora.png\" class=\"attachment-full size-full\" alt=\"mimarobaflora\" loading=\"lazy\" srcset=\"https:\/\/www.floradent.com\/en\/wp-content\/uploads\/2021\/02\/mimarobaflora.png 200w, https:\/\/www.floradent.com\/en\/wp-content\/uploads\/2021\/02\/mimarobaflora-150x150.png 150w, https:\/\/www.floradent.com\/en\/wp-content\/uploads\/2021\/02\/mimarobaflora-70x70.png 70w\" sizes=\"(max-width: 200px) 100vw, 200px\" \/>\t\t\t\t\t\t\t\t\t\t\t\t\t\t<\/div>\n\t\t\t\t\t\t<\/div>\n\t\t\t\t<\/div>\n\t\t\t\t\t\t<\/div>\n\t\t\t\t\t<\/div>\n\t\t<\/div>\n\t\t\t\t<div class=\"elementor-column elementor-col-50 elementor-inner-column elementor-element elementor-element-59fd629\" data-id=\"59fd629\" data-element_type=\"column\">\n\t\t\t<div class=\"elementor-column-wrap elementor-element-populated\">\n\t\t\t\t\t\t\t<div class=\"elementor-widget-wrap\">\n\t\t\t\t\t\t<div class=\"elementor-element elementor-element-6636c12 elementor-widget elementor-widget-image\" data-id=\"6636c12\" data-element_type=\"widget\" data-widget_type=\"image.default\">\n\t\t\t\t<div class=\"elementor-widget-container\">\n\t\t\t\t\t\t\t\t<div class=\"elementor-image\">\n\t\t\t\t\t\t\t\t\t\t\t\t<img width=\"200\" height=\"200\" src=\"https:\/\/www.floradent.com\/en\/wp-content\/uploads\/2021\/02\/instagramflora.png\" class=\"attachment-full size-full\" alt=\"instagramflora\" loading=\"lazy\" srcset=\"https:\/\/www.floradent.com\/en\/wp-content\/uploads\/2021\/02\/instagramflora.png 200w, https:\/\/www.floradent.com\/en\/wp-content\/uploads\/2021\/02\/instagramflora-150x150.png 150w, https:\/\/www.floradent.com\/en\/wp-content\/uploads\/2021\/02\/instagramflora-70x70.png 70w\" sizes=\"(max-width: 200px) 100vw, 200px\" \/>\t\t\t\t\t\t\t\t\t\t\t\t\t\t<\/div>\n\t\t\t\t\t\t<\/div>\n\t\t\t\t<\/div>\n\t\t\t\t\t\t<\/div>\n\t\t\t\t\t<\/div>\n\t\t<\/div>\n\t\t\t\t\t\t\t\t<\/div>\n\t\t\t\t\t<\/div>\n\t\t<\/section>\n\t\t\t\t\t\t<\/div>\n\t\t\t\t\t<\/div>\n\t\t<\/div>\n\t\t\t\t\t\t\t\t<\/div>\n\t\t\t\t\t<\/div>\n\t\t<\/section>\n\t\t\t\t<section class=\"elementor-section elementor-top-section elementor-element elementor-element-865bac0 elementor-section-boxed elementor-section-height-default elementor-section-height-default\" data-id=\"865bac0\" data-element_type=\"section\">\n\t\t\t\t\t\t<div class=\"elementor-container elementor-column-gap-default\">\n\t\t\t\t\t\t\t<div class=\"elementor-row\">\n\t\t\t\t\t<div class=\"elementor-column elementor-col-100 elementor-top-column elementor-element elementor-element-64847fc\" data-id=\"64847fc\" data-element_type=\"column\">\n\t\t\t<div class=\"elementor-column-wrap elementor-element-populated\">\n\t\t\t\t\t\t\t<div class=\"elementor-widget-wrap\">\n\t\t\t\t\t\t<div class=\"elementor-element elementor-element-3ccb89b elementor-widget elementor-widget-google_maps\" data-id=\"3ccb89b\" data-element_type=\"widget\" data-widget_type=\"google_maps.default\">\n\t\t\t\t<div class=\"elementor-widget-container\">\n\t\t\t\t\t<div class=\"elementor-custom-embed\">\n\t\t\t<iframe frameborder=\"0\" scrolling=\"no\" marginheight=\"0\" marginwidth=\"0\"\n\t\t\t\t\tsrc=\"https:\/\/maps.google.com\/maps?q=mimaroba%20di%C5%9F&#038;t=m&#038;z=16&#038;output=embed&#038;iwloc=near\"\n\t\t\t\t\ttitle=\"mimaroba di\u015f\"\n\t\t\t\t\taria-label=\"mimaroba di\u015f\"\n\t\t\t><\/iframe>\n\t\t<\/div>\n\t\t\t\t<\/div>\n\t\t\t\t<\/div>\n\t\t\t\t\t\t<\/div>\n\t\t\t\t\t<\/div>\n\t\t<\/div>\n\t\t\t\t\t\t\t\t<\/div>\n\t\t\t\t\t<\/div>\n\t\t<\/section>\n\t\t\t\t\t\t<\/div>\n\t\t\t\t\t\t<\/div>\n\t\t\t\t\t<\/div>\n\t\t","protected":false},"excerpt":{"rendered":"<p>Bat\u0131k\u00f6y Mah. Mustafa Kemal Bulvar\u0131 Marine Park Evleri 1\/j D\u00fckkan Mimaroba\/B\u00fcy\u00fck\u00e7ekmece\/\u0130stanbul +90(212) 864 38 00 +90(530) 287 17 81 info@floradent.com Our Working Hours Mimaroba Di\u015f Klini\u011fimiz Pzt &#8211; Cmt : 09:30 &#8211; 18:30 Pazar : Close<\/p>\n","protected":false},"author":1,"featured_media":0,"parent":0,"menu_order":0,"comment_status":"closed","ping_status":"closed","template":"","meta":[],"_links":{"self":[{"href":"https:\/\/www.floradent.com\/en\/index.php?rest_route=\/wp\/v2\/pages\/3341"}],"collection":[{"href":"https:\/\/www.floradent.com\/en\/index.php?rest_route=\/wp\/v2\/pages"}],"about":[{"href":"https:\/\/www.floradent.com\/en\/index.php?rest_route=\/wp\/v2\/types\/page"}],"author":[{"embeddable":true,"href":"https:\/\/www.floradent.com\/en\/index.php?rest_route=\/wp\/v2\/users\/1"}],"replies":[{"embeddable":true,"href":"https:\/\/www.floradent.com\/en\/index.php?rest_route=%2Fwp%2Fv2%2Fcomments&post=3341"}],"version-history":[{"count":35,"href":"https:\/\/www.floradent.com\/en\/index.php?rest_route=\/wp\/v2\/pages\/3341\/revisions"}],"predecessor-version":[{"id":4949,"href":"https:\/\/www.floradent.com\/en\/index.php?rest_route=\/wp\/v2\/pages\/3341\/revisions\/4949"}],"wp:attachment":[{"href":"https:\/\/www.floradent.com\/en\/index.php?rest_route=%2Fwp%2Fv2%2Fmedia&parent=3341"}],"curies":[{"name":"wp","href":"https:\/\/api.w.org\/{rel}","templated":true}]}}