{"id":686,"date":"2018-11-15T10:04:55","date_gmt":"2018-11-15T07:04:55","guid":{"rendered":"http:\/\/www.floradent.com\/?page_id=686"},"modified":"2021-08-04T14:10:11","modified_gmt":"2021-08-04T11:10:11","slug":"beylikduzu-online-randevu","status":"publish","type":"page","link":"https:\/\/www.floradent.com\/en\/?page_id=686","title":{"rendered":"Online Randevu Formu"},"content":{"rendered":"\t\t<div data-elementor-type=\"wp-post\" data-elementor-id=\"686\" class=\"elementor elementor-686\" data-elementor-settings=\"[]\">\n\t\t\t\t\t\t<div class=\"elementor-inner\">\n\t\t\t\t\t\t\t<div class=\"elementor-section-wrap\">\n\t\t\t\t\t\t\t<section class=\"elementor-section elementor-top-section elementor-element elementor-element-a9ecbdd elementor-section-stretched elementor-section-boxed elementor-section-height-default elementor-section-height-default\" data-id=\"a9ecbdd\" data-element_type=\"section\" data-settings=\"{&quot;stretch_section&quot;:&quot;section-stretched&quot;,&quot;background_background&quot;:&quot;classic&quot;}\">\n\t\t\t\t\t\t<div class=\"elementor-container elementor-column-gap-no\">\n\t\t\t\t\t\t\t<div class=\"elementor-row\">\n\t\t\t\t\t<div class=\"elementor-column elementor-col-50 elementor-top-column elementor-element elementor-element-db5e03d bg-primary\" data-id=\"db5e03d\" data-element_type=\"column\" data-settings=\"{&quot;background_background&quot;:&quot;classic&quot;}\">\n\t\t\t<div class=\"elementor-column-wrap elementor-element-populated\">\n\t\t\t\t\t\t\t<div class=\"elementor-widget-wrap\">\n\t\t\t\t\t\t<div class=\"elementor-element elementor-element-6aadc5a elementor-widget elementor-widget-heading\" data-id=\"6aadc5a\" data-element_type=\"widget\" data-widget_type=\"heading.default\">\n\t\t\t\t<div class=\"elementor-widget-container\">\n\t\t\t<p class=\"elementor-heading-title elementor-size-medium\">T\u00fcm Di\u015f Kliniklerimiziden Online Randevu Alabilirsiniz<\/p>\t\t<\/div>\n\t\t\t\t<\/div>\n\t\t\t\t<div class=\"elementor-element elementor-element-be62598 elementor-widget elementor-widget-shortcode\" data-id=\"be62598\" data-element_type=\"widget\" data-widget_type=\"shortcode.default\">\n\t\t\t\t<div class=\"elementor-widget-container\">\n\t\t\t\t\t<div class=\"elementor-shortcode\"><div role=\"form\" class=\"wpcf7\" id=\"wpcf7-f2696-o1\" lang=\"en-US\" dir=\"ltr\">\n<div class=\"screen-reader-response\"><p role=\"status\" aria-live=\"polite\" aria-atomic=\"true\"><\/p> <ul><\/ul><\/div>\n<form action=\"\/en\/index.php?rest_route=%2Fwp%2Fv2%2Fpages%2F686#wpcf7-f2696-o1\" method=\"post\" class=\"wpcf7-form init\" novalidate=\"novalidate\" data-status=\"init\">\n<div style=\"display: none;\">\n<input type=\"hidden\" name=\"_wpcf7\" value=\"2696\" \/>\n<input type=\"hidden\" name=\"_wpcf7_version\" value=\"5.4.2\" \/>\n<input type=\"hidden\" name=\"_wpcf7_locale\" value=\"en_US\" \/>\n<input type=\"hidden\" name=\"_wpcf7_unit_tag\" value=\"wpcf7-f2696-o1\" \/>\n<input type=\"hidden\" name=\"_wpcf7_container_post\" value=\"0\" \/>\n<input type=\"hidden\" name=\"_wpcf7_posted_data_hash\" value=\"\" \/>\n<input type=\"hidden\" name=\"_wpcf7_recaptcha_response\" value=\"\" \/>\n<\/div>\n<div class=\"appointment-box-layout1 light\">\n<div class=\"row gutters-15\">\n<div class=\"col-12 form-group\">\n<span class=\"wpcf7-form-control-wrap department\"><select name=\"department\" class=\"wpcf7-form-control wpcf7-select wpcf7-validates-as-required select2\" aria-required=\"true\" aria-invalid=\"false\"><option value=\"Dentistry\">Dentistry<\/option><option value=\"Cosmetic Dentistry\">Cosmetic Dentistry<\/option><option value=\"Implant\">Implant<\/option><option value=\"Maxillofacial Surgeon\">Maxillofacial Surgeon<\/option><option value=\"Tooth extraction\">Tooth extraction<\/option><option value=\"Dental channel\">Dental channel<\/option><option value=\"Orthodontics\">Orthodontics<\/option><option value=\"Dental Prosthesis\">Dental Prosthesis<\/option><option value=\"Other\">Other<\/option><\/select><\/span>\n<\/div>\n<div class=\"col-12 form-group\">\n<span class=\"wpcf7-form-control-wrap doctor\"><select name=\"doctor\" class=\"wpcf7-form-control wpcf7-select wpcf7-validates-as-required select2\" aria-required=\"true\" aria-invalid=\"false\"><option value=\"Dentist\">Dentist<\/option><option value=\"Dr.Dt. Ne\u015fe Kahraman\">Dr.Dt. Ne\u015fe Kahraman<\/option><option value=\"Dt. \u00c7a\u011flar \u00d6zkan\">Dt. \u00c7a\u011flar \u00d6zkan<\/option><option value=\"Dt.\u00d6zcan Ekici\">Dt.\u00d6zcan Ekici<\/option><option value=\"Dt. Deniz Bedel\">Dt. Deniz Bedel<\/option><option value=\"Dt. Bet\u00fcl Kartal\">Dt. Bet\u00fcl Kartal<\/option><option value=\"Dt. Vedat Borlukan\">Dt. Vedat Borlukan<\/option><option value=\"Dr.Dt. Ali G\u00f6rdeal\">Dr.Dt. Ali G\u00f6rdeal<\/option><option value=\"Dt.Y\u0131ld\u0131z \u00d6zkan \u00c7avu\u015f\">Dt.Y\u0131ld\u0131z \u00d6zkan \u00c7avu\u015f<\/option><\/select><\/span>\n<\/div>\n<div class=\"col-12 form-group\">\n<span class=\"wpcf7-form-control-wrap form-name\"><input type=\"text\" name=\"form-name\" value=\"\" size=\"40\" class=\"wpcf7-form-control wpcf7-text wpcf7-validates-as-required form-control\" aria-required=\"true\" aria-invalid=\"false\" placeholder=\"Name and Surname *\" \/><\/span>\n<\/div>\n<div class=\"col-md-6 form-group\">\n<span class=\"wpcf7-form-control-wrap phone\"><input type=\"text\" name=\"phone\" value=\"\" size=\"40\" class=\"wpcf7-form-control wpcf7-text wpcf7-validates-as-required form-control\" aria-required=\"true\" aria-invalid=\"false\" placeholder=\"Phone &amp; Gsm*\" \/><\/span>\n<\/div>\n<div class=\"col-md-6 form-group\">\n<span class=\"wpcf7-form-control-wrap email\"><input type=\"email\" name=\"email\" value=\"\" size=\"40\" class=\"wpcf7-form-control wpcf7-text wpcf7-email wpcf7-validates-as-required wpcf7-validates-as-email form-control\" aria-required=\"true\" aria-invalid=\"false\" placeholder=\"E-mail*\" \/><\/span>\n<\/div>\n<div class=\"col-sm-6 form-group\">\n<span class=\"wpcf7-form-control-wrap date\"><input type=\"date\" name=\"date\" value=\"\" class=\"wpcf7-form-control wpcf7-date wpcf7-validates-as-date form-control rt-date\" aria-invalid=\"false\" \/><\/span>\n<\/div>\n<div class=\"col-sm-6 form-group\">\n<span class=\"wpcf7-form-control-wrap time\"><input type=\"text\" name=\"time\" value=\"Time*\" size=\"40\" class=\"wpcf7-form-control wpcf7-text wpcf7-validates-as-required form-control\" aria-required=\"true\" aria-invalid=\"false\" \/><\/span>\n<\/div>\n<div class=\"col-12 form-group\">\n<span class=\"wpcf7-form-control-wrap message\"><textarea name=\"message\" cols=\"40\" rows=\"10\" class=\"wpcf7-form-control wpcf7-textarea textarea form-control\" aria-invalid=\"false\" placeholder=\"Appointment Request\"><\/textarea><\/span>\n<\/div>\n<div class=\"col-12 form-group\">\n<input type=\"submit\" value=\"Make an appointment\" class=\"wpcf7-form-control wpcf7-submit item-btn\" \/>\n<\/div>\n<\/div>\n<\/div>\n<div class=\"wpcf7-response-output\" aria-hidden=\"true\"><\/div><\/form><\/div><\/div>\n\t\t\t\t<\/div>\n\t\t\t\t<\/div>\n\t\t\t\t\t\t<\/div>\n\t\t\t\t\t<\/div>\n\t\t<\/div>\n\t\t\t\t<div class=\"elementor-column elementor-col-50 elementor-top-column elementor-element elementor-element-7969598\" data-id=\"7969598\" data-element_type=\"column\">\n\t\t\t<div class=\"elementor-column-wrap elementor-element-populated\">\n\t\t\t\t\t\t\t<div class=\"elementor-widget-wrap\">\n\t\t\t\t\t\t<div class=\"elementor-element elementor-element-4a3549f elementor-widget elementor-widget-google_maps\" data-id=\"4a3549f\" data-element_type=\"widget\" data-widget_type=\"google_maps.default\">\n\t\t\t\t<div class=\"elementor-widget-container\">\n\t\t\t\t\t<div class=\"elementor-custom-embed\">\n\t\t\t<iframe frameborder=\"0\" scrolling=\"no\" marginheight=\"0\" marginwidth=\"0\"\n\t\t\t\t\tsrc=\"https:\/\/maps.google.com\/maps?q=Beylikd%C3%BCz%C3%BC%20Di%C5%9F%20Klini%C4%9Fi%20Floradent&#038;t=m&#038;z=12&#038;output=embed&#038;iwloc=near\"\n\t\t\t\t\ttitle=\"Beylikd\u00fcz\u00fc Di\u015f Klini\u011fi Floradent\"\n\t\t\t\t\taria-label=\"Beylikd\u00fcz\u00fc Di\u015f Klini\u011fi Floradent\"\n\t\t\t><\/iframe>\n\t\t<\/div>\n\t\t\t\t<\/div>\n\t\t\t\t<\/div>\n\t\t\t\t\t\t<\/div>\n\t\t\t\t\t<\/div>\n\t\t<\/div>\n\t\t\t\t\t\t\t\t<\/div>\n\t\t\t\t\t<\/div>\n\t\t<\/section>\n\t\t\t\t<section class=\"elementor-section elementor-top-section elementor-element elementor-element-5c231c67 elementor-section-stretched elementor-section-full_width elementor-section-content-middle elementor-section-height-default elementor-section-height-default\" data-id=\"5c231c67\" data-element_type=\"section\" data-settings=\"{&quot;stretch_section&quot;:&quot;section-stretched&quot;,&quot;background_background&quot;:&quot;classic&quot;}\">\n\t\t\t\t\t\t\t<div class=\"elementor-background-overlay\"><\/div>\n\t\t\t\t\t\t\t<div class=\"elementor-container elementor-column-gap-no\">\n\t\t\t\t\t\t\t<div class=\"elementor-row\">\n\t\t\t\t\t<div class=\"elementor-column elementor-col-100 elementor-top-column elementor-element elementor-element-538ad58d\" data-id=\"538ad58d\" data-element_type=\"column\" data-settings=\"{&quot;background_background&quot;:&quot;classic&quot;}\">\n\t\t\t<div class=\"elementor-column-wrap elementor-element-populated\">\n\t\t\t\t\t\t\t<div class=\"elementor-widget-wrap\">\n\t\t\t\t\t\t<div class=\"elementor-element elementor-element-7ceaf2dd elementor-widget elementor-widget-rt-cta\" data-id=\"7ceaf2dd\" data-element_type=\"widget\" data-widget_type=\"rt-cta.default\">\n\t\t\t\t<div class=\"elementor-widget-container\">\n\t\t\t\r\n<div class=\"call-to-action-wrap-layout4\">\r\r\n    <div class=\"item-img\">\r\r\n       \r\n    <\/div>\r\r\n    <div class=\"container\">\r\r\n        <div class=\"row\">\r\r\n            <div class=\"col-xl-12 col-lg-8 col-md-8 col-12\">\r\r\n                <div class=\"call-to-action-box-layout4\">\r\r\n                    <h2 class=\"item-title\">Floradent A\u011f\u0131z ve Di\u015f Sa\u011fl\u0131\u011f\u0131 Klinikleri Telefonla Randevu<\/h2>\r\r\n                    <div class=\"call-to-action-phone\">\r\r\n                        \r\n                            <a href=\"tel:+90 (212) 856 1009\"><i class=\"fas fa-phone\"><\/i>+90 (212) 856 1009<\/a>\r\r\n                        \r\n                    <\/div>\r\r\n\t\t\t\t\t\t                 \r\r\n                <\/div>\r\r\n            <\/div>\r\r\n        <\/div>\r\r\n    <\/div>\r\r\n<\/div>\t\t<\/div>\n\t\t\t\t<\/div>\n\t\t\t\t\t\t<\/div>\n\t\t\t\t\t<\/div>\n\t\t<\/div>\n\t\t\t\t\t\t\t\t<\/div>\n\t\t\t\t\t<\/div>\n\t\t<\/section>\n\t\t\t\t\t\t<\/div>\n\t\t\t\t\t\t<\/div>\n\t\t\t\t\t<\/div>\n\t\t","protected":false},"excerpt":{"rendered":"<p>T\u00fcm Di\u015f Kliniklerimiziden Online Randevu Alabilirsiniz Floradent A\u011f\u0131z ve Di\u015f Sa\u011fl\u0131\u011f\u0131 Klinikleri Telefonla Randevu +90 (212) 856 1009<\/p>\n","protected":false},"author":1,"featured_media":0,"parent":0,"menu_order":0,"comment_status":"closed","ping_status":"closed","template":"","meta":[],"_links":{"self":[{"href":"https:\/\/www.floradent.com\/en\/index.php?rest_route=\/wp\/v2\/pages\/686"}],"collection":[{"href":"https:\/\/www.floradent.com\/en\/index.php?rest_route=\/wp\/v2\/pages"}],"about":[{"href":"https:\/\/www.floradent.com\/en\/index.php?rest_route=\/wp\/v2\/types\/page"}],"author":[{"embeddable":true,"href":"https:\/\/www.floradent.com\/en\/index.php?rest_route=\/wp\/v2\/users\/1"}],"replies":[{"embeddable":true,"href":"https:\/\/www.floradent.com\/en\/index.php?rest_route=%2Fwp%2Fv2%2Fcomments&post=686"}],"version-history":[{"count":56,"href":"https:\/\/www.floradent.com\/en\/index.php?rest_route=\/wp\/v2\/pages\/686\/revisions"}],"predecessor-version":[{"id":4793,"href":"https:\/\/www.floradent.com\/en\/index.php?rest_route=\/wp\/v2\/pages\/686\/revisions\/4793"}],"wp:attachment":[{"href":"https:\/\/www.floradent.com\/en\/index.php?rest_route=%2Fwp%2Fv2%2Fmedia&parent=686"}],"curies":[{"name":"wp","href":"https:\/\/api.w.org\/{rel}","templated":true}]}}